{"id":32,"date":"2025-03-15T19:56:56","date_gmt":"2025-03-15T19:56:56","guid":{"rendered":"http:\/\/localhost\/zeolit\/?page_id=32"},"modified":"2026-02-14T14:14:50","modified_gmt":"2026-02-14T14:14:50","slug":"izdelki","status":"publish","type":"page","link":"https:\/\/zeofit.si\/","title":{"rendered":"Index"},"content":{"rendered":"<section class=\"bde-section-32-136 bde-section\" data-bde-lazy-bg=\"waiting\">\n  \n        \n    \n\t\n\n\n\n<div class=\"section-container\"><h1 class=\"bde-heading-32-137 bde-heading\">\nPridobite svoj zeolit\n<\/h1><div class=\"bde-button-32-113 bde-button\" data-parallax=\"true\">\n        \n    \n    \n    \n    \n            \n                    \n            \n            \n\n    \n    \n    \n    \n    \n    <a class=\"breakdance-link button-atom button-atom--custom bde-button__button\" href=\"https:\/\/zeofit.si\/?page_id=28\" target=\"_self\" data-type=\"url\"  >\n\n    \n        <span class=\"button-atom__text\">Preberi ve\u010d<\/span>\n\n        \n        \n                <\/a>\n\n    \n\n\n<\/div><\/div>\n<\/section><section class=\"bde-section-32-112 bde-section\">\n  \n  \n\t\n\n\n\n<div class=\"section-container\"><\/div>\n<\/section><section class=\"bde-section-32-139 bde-section\">\n  \n  \n\t\n\n\n\n<div class=\"section-container\"><div class=\"bde-grid-32-140 bde-grid\" data-entrance=\"slideDown\">\n  \n  \n\t\n\n\n\n<div class=\"bde-div-32-141 bde-div\" data-parallax=\"false\">\n              \n  \n  \n\t\n\n  <div class=\"section-background-overlay\"><\/div>\n\n\n<img decoding=\"async\" class=\"bde-image2-32-142 bde-image2\" src=\"https:\/\/zeofit.si\/wp-content\/uploads\/woocommerce-placeholder.webp\" loading=\"lazy\" srcset=\"https:\/\/zeofit.si\/wp-content\/uploads\/woocommerce-placeholder.webp 1200w, https:\/\/zeofit.si\/wp-content\/uploads\/woocommerce-placeholder-300x300.webp 300w, https:\/\/zeofit.si\/wp-content\/uploads\/woocommerce-placeholder-1024x1024.webp 1024w, https:\/\/zeofit.si\/wp-content\/uploads\/woocommerce-placeholder-150x150.webp 150w, https:\/\/zeofit.si\/wp-content\/uploads\/woocommerce-placeholder-768x768.webp 768w\" sizes=\"(max-width: 1200px) 100vw, 1200px\"><div class=\"bde-rich-text-32-143 bde-rich-text breakdance-rich-text-styles\">\n<h2>Zeolit do 5 \u00b5m, 500g<\/h2><p>Zeolit aktiviran v prahu granulacija do 5 \u00b5m, 500g<\/p><p>\u00a0<\/p>\n<\/div><div class=\"bde-button-32-144 bde-button\">\n        \n    \n    \n    \n    \n            \n                    \n            \n            \n\n    \n    \n    \n    \n    \n    <a class=\"breakdance-link button-atom button-atom--custom bde-button__button\" href=\"https:\/\/zeofit.si\/?page_id=143\" target=\"_self\" data-type=\"url\"  >\n\n    \n        <span class=\"button-atom__text\">Poglej podrobneje<\/span>\n\n        \n        \n                <\/a>\n\n    \n\n\n<\/div>\n<\/div><div class=\"bde-div-32-145 bde-div\" data-parallax=\"false\">\n              \n  \n  \n\t\n\n  <div class=\"section-background-overlay\"><\/div>\n\n\n<img decoding=\"async\" class=\"bde-image2-32-146 bde-image2\" src=\"https:\/\/zeofit.si\/wp-content\/uploads\/woocommerce-placeholder.webp\" loading=\"lazy\" srcset=\"https:\/\/zeofit.si\/wp-content\/uploads\/woocommerce-placeholder.webp 1200w, https:\/\/zeofit.si\/wp-content\/uploads\/woocommerce-placeholder-300x300.webp 300w, https:\/\/zeofit.si\/wp-content\/uploads\/woocommerce-placeholder-1024x1024.webp 1024w, https:\/\/zeofit.si\/wp-content\/uploads\/woocommerce-placeholder-150x150.webp 150w, https:\/\/zeofit.si\/wp-content\/uploads\/woocommerce-placeholder-768x768.webp 768w\" sizes=\"(max-width: 1200px) 100vw, 1200px\"><div class=\"bde-rich-text-32-147 bde-rich-text breakdance-rich-text-styles\">\n<h2>Zeolit do 20 \u00b5m, 500g<\/h2><p>Zeolit aktiviran v prahu granulacija do 20 \u00b5m, 500g<\/p><p>\u00a0<\/p>\n<\/div><div class=\"bde-button-32-148 bde-button\">\n        \n    \n    \n    \n    \n            \n                    \n            \n            \n\n    \n    \n    \n    \n    \n    <a class=\"breakdance-link button-atom button-atom--custom bde-button__button\" href=\"https:\/\/zeofit.si\/?page_id=122\" target=\"_self\" data-type=\"url\"  >\n\n    \n        <span class=\"button-atom__text\">Poglej podrobneje<\/span>\n\n        \n        \n                <\/a>\n\n    \n\n\n<\/div>\n<\/div><div class=\"bde-div-32-149 bde-div\" data-parallax=\"false\">\n              \n  \n  \n\t\n\n  <div class=\"section-background-overlay\"><\/div>\n\n\n<img decoding=\"async\" class=\"bde-image2-32-150 bde-image2\" src=\"https:\/\/zeofit.si\/wp-content\/uploads\/woocommerce-placeholder.webp\" loading=\"lazy\" srcset=\"https:\/\/zeofit.si\/wp-content\/uploads\/woocommerce-placeholder.webp 1200w, https:\/\/zeofit.si\/wp-content\/uploads\/woocommerce-placeholder-300x300.webp 300w, https:\/\/zeofit.si\/wp-content\/uploads\/woocommerce-placeholder-1024x1024.webp 1024w, https:\/\/zeofit.si\/wp-content\/uploads\/woocommerce-placeholder-150x150.webp 150w, https:\/\/zeofit.si\/wp-content\/uploads\/woocommerce-placeholder-768x768.webp 768w\" sizes=\"(max-width: 1200px) 100vw, 1200px\"><div class=\"bde-rich-text-32-151 bde-rich-text breakdance-rich-text-styles\">\n<h2>Pasta za zobe<\/h2><h2>\u00a0<\/h2><h2>\u00a0<\/h2>\n<\/div><div class=\"bde-button-32-152 bde-button\">\n        \n    \n    \n    \n    \n            \n                    \n            \n            \n\n    \n    \n    \n    \n    \n    <a class=\"breakdance-link button-atom button-atom--custom bde-button__button\" href=\"https:\/\/zeofit.si\/?page_id=267\" target=\"_self\" data-type=\"url\"  >\n\n    \n        <span class=\"button-atom__text\">Poglej podrobneje<\/span>\n\n        \n        \n                <\/a>\n\n    \n\n\n<\/div>\n<\/div>\n<\/div><\/div>\n<\/section><section class=\"bde-section-32-103 bde-section\">\n  \n  \n\t\n\n\n\n<div class=\"section-container\"><div class=\"bde-columns-32-106 bde-columns\"><div class=\"bde-column-32-107 bde-column\">\n  \n  \n\t\n\n\n\n<img decoding=\"async\" class=\"bde-image2-32-104 bde-image2\" src=\"https:\/\/zeofit.si\/wp-content\/uploads\/2025\/12\/image-removebg-preview-13.png\" loading=\"lazy\" srcset=\"https:\/\/zeofit.si\/wp-content\/uploads\/2025\/12\/image-removebg-preview-13.png 360w, https:\/\/zeofit.si\/wp-content\/uploads\/2025\/12\/image-removebg-preview-13-300x300.png 300w, https:\/\/zeofit.si\/wp-content\/uploads\/2025\/12\/image-removebg-preview-13-150x150.png 150w\" sizes=\"(max-width: 360px) 100vw, 360px\">\n<\/div><div class=\"bde-column-32-108 bde-column\">\n  \n  \n\t\n\n\n\n<div class=\"bde-rich-text-32-105 bde-rich-text breakdance-rich-text-styles\">\n<p style=\"text-align: left;\">Zaradi svojih izjemnih karakteristik in pozitivnih u\u010dinkov je zeolit na japonskem dobil naziv<br \/>\u201c<strong>\u010darobni kamen<\/strong>\u201d , v Gr\u010diji pa \u201c<strong>kamen \u017eivljenja<\/strong>\u201d.<\/p><p style=\"text-align: left;\">Zeoliti nastajajo v naravi kot alumosilikati iz vulkanskih sten,\u00a0 s specifi\u010dno mikroporozno strukturo.<br \/>Nastali so pred ve\u010d milijoni let s hidrotermalno transformacijo vulkanske lave ( hlajenje lave in<br \/>pepela pome\u0161anih s koloidi zavrele morske vode). Najdi\u0161\u010da se v naravi nahajajo v vulkanskih stenah in<br \/>oceanih. Zaradi tega ima zeolit bogato mineralno sestavo, potrebno za pravilno funkcioniranje<br \/>organizma.<\/p><p style=\"text-align: left;\">Njihova porozna struktura dolo\u010da njegove lastnosti. Glavna lastnost zeolita je izjemna sposobnost<br \/>vpitja \u0161kodljivih snovi nase in njihovo trajno vezanje znotraj re\u0161etk. Membrane zeolita vsebujejo tudi<br \/>ione Kalija, Natrija, Kalcija, Magnezija, \u017deleza,\u2026 katere telo absorbira vase in mu omogo\u010dajo<br \/>normalno funkcioniranje.<\/p>\n<\/div>\n<\/div><\/div><\/div>\n<\/section><section class=\"bde-section-32-117 bde-section\">\n  \n  \n\t\n\n\n\n<div class=\"section-container\"><h2 class=\"bde-heading-32-118 bde-heading\">\nKAKOVOST\n<\/h2><div class=\"bde-columns-32-120 bde-columns\"><div class=\"bde-column-32-121 bde-column\">\n              \n  \n  \n\t\n\n\n\n<div class=\"bde-content-reveal-32-167 bde-content-reveal\">\n<div class=\"bde-content-reveal__container is-hidden\">\n  <div class=\"bde-content-reveal__content\">\n    <div class=\"bde-rich-text-32-168 bde-rich-text breakdance-rich-text-styles\">\n<p style=\"text-align: center;\">Da bi zeolit imel najbolj\u0161e u\u010dinke, mora biti ustrezno aktiviran, ter imeti naslednje lastnosti:<\/p><ul><li style=\"text-align: center;\">Granulacija mora biti \u010dim manj\u0161a in se meri \u00b5m in nm. Na\u0161i proizvodi so granulacije manj\u0161e od 1\u00b5m do maksimalno 20\u00b5m,<\/li><\/ul><p>\u00a0<\/p><ul><li style=\"text-align: center;\">Visoka kapaciteta kationske izmenjave- ugodni efekti na ljudski organizem dosegajo zeoliti \u010digar kapacitet kationske izmenjave presega 150 meq\/100gr. zeolita. Na\u0161 zeolit ima kapaciteto kationske izmenjave preko 180 meq\/100gr. zeolita, kar nas uvr\u0161\u010da v sam vrh kvalitete na svetu.<\/li><\/ul><p>\u00a0<\/p><ul><li style=\"text-align: center;\">Visok procent klinoptilolita do 95%. Procenti klinoptilolita sicer mo\u010dno variira od geografskega porekla oz nahajali\u0161\u010da minerala. V naravi najdemo preko 200 vrst zeolita. Najkvalitetnej\u0161i so kubanski in japonski z 95% klinoptilolita. Zeoliti v Srbiji na razli\u010dnih lokacijah so zelo kvalitetni, saj vsebujejo od 90-95% klinoptilolita, s \u010dimer se uvr\u0161\u010da med najbolj\u0161e na svetu.<\/li><\/ul><p>\u00a0<\/p>\n<\/div>\n  <\/div>\n\n      \n      \n    \n    \n    \n                                                    \n            \n            <button type=\"button\" class=\"button-atom button-atom--custom bde-content-reveal__button\"   data-i18n-more=\"Preberi ve\u010d\" data-i18n-less=\"Skrij\">\n    \n        <span class=\"button-atom__text\">Preberi ve\u010d<\/span>\n\n        \n        \n            <\/button>\n    \n<\/div>\n\n<\/div>\n<\/div><div class=\"bde-column-32-122 bde-column\">\n  \n  \n\t\n\n\n\n<div class=\"bde-icon-box-32-123 bde-icon-box\">\n\n    \n            <div class=\"ee-iconbox-icon breakdance-icon-atom\" >\n    \n                    <svg xmlns=\"http:\/\/www.w3.org\/2000\/svg\" id=\"icon-arrow-down-right\" viewBox=\"0 0 32 32\">\n<path d=\"M32 9l-8 8-17-17-7 7 17 17-8 8h23v-23z\"\/>\n<\/svg>\n        \n        \n        \n            <\/div>\n    \n\n<div class=\"ee-iconbox-content\">\n      <p class=\"ee-iconbox-title bde-h3\" >UPORABA<\/p>\n        <div class=\"ee-iconbox-text\" >Zeolit je vsestransko uporabna sestavina. Uporabljamo ga lahko za \u010di\u0161\u010denje zelenjave in sadja, za prehrano \u017eivali, najdemo ga v filtrih za vodo ipd. Mo\u017eno ga je najti v kozmeti\u010dnih izdelkih, milu, kremah, zobni pasti itn. Zasledimo ga tudi pri homeopatiji in bioresonanci, vendar je potrebno biti previden, da na trgu izberete ustrezen produkt.<\/div>\n    <\/div>\n\n<\/div>\n<\/div><\/div><\/div>\n<\/section>","protected":false},"excerpt":{"rendered":"<p>Pridobite svoj zeolit Preberi ve\u010d Zeolit do 5 \u00b5m, 500gZeolit aktiviran v prahu granulacija do 5 \u00b5m, 500g\u00a0 Poglej podrobneje Zeolit do 20 \u00b5m, 500gZeolit aktiviran v prahu granulacija do 20 \u00b5m, 500g\u00a0 Poglej podrobneje Pasta za zobe\u00a0\u00a0 Poglej podrobneje Zaradi svojih izjemnih karakteristik in pozitivnih u\u010dinkov je zeolit na japonskem dobil naziv\u201c\u010darobni kamen\u201d , [&hellip;]<\/p>\n","protected":false},"author":1,"featured_media":0,"parent":0,"menu_order":0,"comment_status":"closed","ping_status":"closed","template":"","meta":{"_breakdance_hide_in_design_set":false,"_breakdance_tags":"","footnotes":""},"class_list":["post-32","page","type-page","status-publish","hentry"],"jetpack_sharing_enabled":true,"_links":{"self":[{"href":"https:\/\/zeofit.si\/index.php?rest_route=\/wp\/v2\/pages\/32","targetHints":{"allow":["GET"]}}],"collection":[{"href":"https:\/\/zeofit.si\/index.php?rest_route=\/wp\/v2\/pages"}],"about":[{"href":"https:\/\/zeofit.si\/index.php?rest_route=\/wp\/v2\/types\/page"}],"author":[{"embeddable":true,"href":"https:\/\/zeofit.si\/index.php?rest_route=\/wp\/v2\/users\/1"}],"replies":[{"embeddable":true,"href":"https:\/\/zeofit.si\/index.php?rest_route=%2Fwp%2Fv2%2Fcomments&post=32"}],"version-history":[{"count":18,"href":"https:\/\/zeofit.si\/index.php?rest_route=\/wp\/v2\/pages\/32\/revisions"}],"predecessor-version":[{"id":273,"href":"https:\/\/zeofit.si\/index.php?rest_route=\/wp\/v2\/pages\/32\/revisions\/273"}],"wp:attachment":[{"href":"https:\/\/zeofit.si\/index.php?rest_route=%2Fwp%2Fv2%2Fmedia&parent=32"}],"curies":[{"name":"wp","href":"https:\/\/api.w.org\/{rel}","templated":true}]}}