{"id":28,"date":"2025-03-15T19:56:07","date_gmt":"2025-03-15T19:56:07","guid":{"rendered":"http:\/\/localhost\/zeolit\/?page_id=28"},"modified":"2026-01-31T17:23:05","modified_gmt":"2026-01-31T17:23:05","slug":"o-nas","status":"publish","type":"page","link":"https:\/\/zeofit.si\/?page_id=28","title":{"rendered":"O zeolitu"},"content":{"rendered":"<section class=\"bde-section-28-158 bde-section\">\n  \n  \n\t\n\n\n\n<div class=\"section-container\"><div class=\"bde-rich-text-28-159 bde-rich-text breakdance-rich-text-styles\">\n<h2><span style=\"color: #008000;\">O ZEOLITU<\/span><\/h2>\n<p>Beseda zeolit izvira iz gr\u0161kih besed \u201eZEO\u201c (vreti) i \u201eLITHOS\u201c (stena) kar v prevodu pomeni stena, ki<br \/>vre.<\/p>\n<p>\u00a0<\/p>\n<p>Strukturo predstavlja kristalna re\u0161etka katere skelet sestavljajo tetraedri SiO4 in AlO4 med katerimi<br \/>se formirajo \u0161pranje in kanali velikosti 0,4\u00b5m napolnjene z vezanimi ioni K+, Na+, Ca++\u2026<\/p>\n<p>\u00a0<\/p>\n<p>Zahvaljujo\u010d tak\u0161ni strukturi zeolit deluje kot spu\u017eva, ima izrazito mo\u010d absorpcije ter visoko<\/p>\n<p>kapaciteto kationske izmene.<\/p>\n<p>\u00a0<\/p>\n<\/div><img decoding=\"async\" class=\"bde-image2-28-160 bde-image2\" src=\"https:\/\/zeofit.si\/wp-content\/uploads\/2026\/01\/download-600x600.jpg\" loading=\"lazy\" srcset=\"https:\/\/zeofit.si\/wp-content\/uploads\/2026\/01\/download-600x600.jpg 600w, https:\/\/zeofit.si\/wp-content\/uploads\/2026\/01\/download-300x300.jpg 300w, https:\/\/zeofit.si\/wp-content\/uploads\/2026\/01\/download-150x150.jpg 150w\" sizes=\"(max-width: 600px) 100vw, 600px\"><\/div>\n<\/section><section class=\"bde-section-28-142 bde-section\">\n  \n  \n\t\n\n\n\n<div class=\"section-container\"><div class=\"bde-text-28-143 bde-text\">\nShop with Confidence\n<\/div><h2 class=\"bde-heading-28-144 bde-heading\">\nEnjoy These Incentives\n<\/h2><div class=\"bde-columns-28-145 bde-columns\"><div class=\"bde-column-28-146 bde-column\">\n  \n  \n\t\n\n\n\n<div class=\"bde-icon-box-28-147 bde-icon-box\">\n\n    \n            <div class=\"ee-iconbox-icon breakdance-icon-atom\" >\n    \n                    <svg xmlns=\"http:\/\/www.w3.org\/2000\/svg\" width=\"24\" height=\"24\" viewBox=\"0 0 24 24\" fill-rule=\"evenodd\" clip-rule=\"evenodd\"><path d=\"M5 11v1h8v-7h-10v-1c0-.552.448-1 1-1h10c.552 0 1 .448 1 1v2h4.667c1.117 0 1.6.576 1.936 1.107.594.94 1.536 2.432 2.109 3.378.188.312.288.67.288 1.035v4.48c0 1.089-.743 2-2 2h-1c0 1.656-1.344 3-3 3s-3-1.344-3-3h-4c0 1.656-1.344 3-3 3s-3-1.344-3-3h-1c-.552 0-1-.448-1-1v-6h-2v-2h7v2h-3zm3 5.8c.662 0 1.2.538 1.2 1.2 0 .662-.538 1.2-1.2 1.2-.662 0-1.2-.538-1.2-1.2 0-.662.538-1.2 1.2-1.2zm10 0c.662 0 1.2.538 1.2 1.2 0 .662-.538 1.2-1.2 1.2-.662 0-1.2-.538-1.2-1.2 0-.662.538-1.2 1.2-1.2zm-3-2.8h-10v2h.765c.549-.614 1.347-1 2.235-1 .888 0 1.686.386 2.235 1h5.53c.549-.614 1.347-1 2.235-1 .888 0 1.686.386 2.235 1h1.765v-4.575l-1.711-2.929c-.179-.307-.508-.496-.863-.496h-4.426v6zm1-5v3h5l-1.427-2.496c-.178-.312-.509-.504-.868-.504h-2.705zm-16-3h8v2h-8v-2z\"\/><\/svg>\n        \n        \n        \n            <\/div>\n    \n\n<div class=\"ee-iconbox-content\">\n      <p class=\"ee-iconbox-title bde-h3\" >Fast and Reliable<\/p>\n        <div class=\"ee-iconbox-text\" >Hitra dostava<\/div>\n    <\/div>\n\n<\/div>\n<\/div><div class=\"bde-column-28-148 bde-column\">\n  \n  \n\t\n\n\n\n<div class=\"bde-icon-box-28-149 bde-icon-box\">\n\n    \n            <div class=\"ee-iconbox-icon breakdance-icon-atom\" >\n    \n                    <svg xmlns=\"http:\/\/www.w3.org\/2000\/svg\" width=\"24\" height=\"24\" viewBox=\"0 0 24 24\" fill-rule=\"evenodd\" clip-rule=\"evenodd\"><path d=\"M7.919 17.377l-4.869-13.377h-2.05c-.266 0-.52-.105-.707-.293-.188-.187-.293-.442-.293-.707 0-.552.447-1 1-1h3.45l5.469 15.025c.841.101 1.59.5 2.139 1.088l11.258-4.097.684 1.879-11.049 4.021c.032.19.049.385.049.584 0 1.932-1.569 3.5-3.5 3.5-1.932 0-3.5-1.568-3.5-3.5 0-1.363.781-2.545 1.919-3.123zm1.581 1.811c.724 0 1.312.588 1.312 1.312 0 .724-.588 1.313-1.312 1.313-.725 0-1.313-.589-1.313-1.313s.588-1.312 1.313-1.312zm13.314-6.512l-11.418 4.156-2.736-7.518 11.418-4.156 2.736 7.518zm-8.71-3.215l-2.88 1.048 1.368 3.759 7.659-2.787-1.368-3.759-2.9 1.055.684 1.879-1.879.685-.684-1.88zm2.672-4.165l-8.458 3.078-1.927-5.296 8.457-3.078 1.928 5.296zm-3.123-2.733l-4.699 1.711.56 1.537 4.698-1.71-.559-1.538z\"\/><\/svg>\n        \n        \n        \n            <\/div>\n    \n\n<div class=\"ee-iconbox-content\">\n      <p class=\"ee-iconbox-title bde-h3\" >Hassle-Free Returns<\/p>\n        <div class=\"ee-iconbox-text\" >If you're not completely satisfied with your order, we offer hassle-free returns.<\/div>\n    <\/div>\n\n<\/div>\n<\/div><div class=\"bde-column-28-150 bde-column\">\n  \n  \n\t\n\n\n\n<div class=\"bde-icon-box-28-151 bde-icon-box\">\n\n    \n            <div class=\"ee-iconbox-icon breakdance-icon-atom\" >\n    \n                    <svg xmlns=\"http:\/\/www.w3.org\/2000\/svg\" width=\"24\" height=\"24\" viewBox=\"0 0 24 24\" fill-rule=\"evenodd\" clip-rule=\"evenodd\"><path d=\"M16.533 14.322l-.061.678h4.304c.146-.643.224-1.313.224-2l-.004-.243.987-1.56.649-1.024c.24.902.368 1.85.368 2.827 0 6.071-4.929 11-11 11-2.642 0-5.067-.933-6.964-2.487.617-.314 1.152-.765 1.564-1.314.891.669 1.91 1.178 3.013 1.481l-.084-.16c-.544-1.045-.994-2.138-1.336-3.265l-.061-.208 1.847-.819c.081.299.171.596.27.891.353 1.058.815 2.079 1.365 3.049.124.219.253.434.386.647.246-.399.48-.804.696-1.219.487-.935.89-1.912 1.196-2.921.068-.223.131-.448.189-.675h-3.587l6.039-2.678zm3.53 2.678h-3.926c-.133.592-.297 1.177-.489 1.753-.338 1.009-.762 1.988-1.262 2.927 2.489-.684 4.548-2.411 5.677-4.68zm-.814-7.711c-1.521-2.411-2.583-4.232-2.583-5.805 0-1.924 1.743-3.484 3.667-3.484 1.925 0 3.667 1.56 3.667 3.484s-1.59 4.221-3.667 7.516l-.002-.003-14.332 6.355.001.074c0 1.656-1.345 3-3 3-1.656 0-3-1.344-3-3s1.344-3 3-3c.914 0 1.733.41 2.283 1.055l13.966-6.192zm-16.026 1.711c-.142.623-.218 1.271-.223 1.936v.064c-.715 0-1.391.167-1.991.464l-.009-.464c0-6.071 4.929-11 11-11 1.139 0 2.238.174 3.272.496-.042.195-.072.394-.089.593-.044.517.001 1.029.105 1.532-.304-.12-.616-.223-.935-.31l.183.359c.578 1.157 1.048 2.37 1.39 3.618l.186.75-4.396 1.962h-2.155c-.044.332-.078.666-.101 1l-2.037.903c.007-.636.048-1.271.122-1.903h-4.322zm6.423-6.689c-2.503.678-4.576 2.41-5.71 4.689h3.958c.094-.408.202-.812.324-1.213.364-1.201.847-2.364 1.428-3.476zm2.353-.104c-.265.443-.516.894-.746 1.356-.52 1.041-.943 2.13-1.25 3.253l-.05.184h4.093c-.069-.262-.144-.523-.225-.781-.351-1.121-.817-2.205-1.377-3.237-.142-.262-.291-.52-.445-.775zm8.334.835c-.759 0-1.375-.616-1.375-1.375 0-.76.616-1.375 1.375-1.375s1.375.615 1.375 1.375c0 .759-.616 1.375-1.375 1.375z\"\/><\/svg>\n        \n        \n        \n            <\/div>\n    \n\n<div class=\"ee-iconbox-content\">\n      <p class=\"ee-iconbox-title bde-h3\" >Real-Time Tracking<\/p>\n        <div class=\"ee-iconbox-text\" >Keep an eye on your delivery every step of the way with our real-time tracking feature.<\/div>\n    <\/div>\n\n<\/div>\n<\/div><\/div><\/div>\n<\/section><section class=\"bde-section-28-154 bde-section\">\n  \n  \n\t\n\n\n\n<div class=\"section-container\"><\/div>\n<\/section>","protected":false},"excerpt":{"rendered":"<p>O ZEOLITU Beseda zeolit izvira iz gr\u0161kih besed \u201eZEO\u201c (vreti) i \u201eLITHOS\u201c (stena) kar v prevodu pomeni stena, kivre. \u00a0 Strukturo predstavlja kristalna re\u0161etka katere skelet sestavljajo tetraedri SiO4 in AlO4 med katerimise formirajo \u0161pranje in kanali velikosti 0,4\u00b5m napolnjene z vezanimi ioni K+, Na+, Ca++\u2026 \u00a0 Zahvaljujo\u010d tak\u0161ni strukturi zeolit deluje kot spu\u017eva, ima [&hellip;]<\/p>\n","protected":false},"author":1,"featured_media":0,"parent":0,"menu_order":0,"comment_status":"closed","ping_status":"closed","template":"","meta":{"_breakdance_hide_in_design_set":false,"_breakdance_tags":"","footnotes":""},"class_list":["post-28","page","type-page","status-publish","hentry"],"jetpack_sharing_enabled":true,"_links":{"self":[{"href":"https:\/\/zeofit.si\/index.php?rest_route=\/wp\/v2\/pages\/28","targetHints":{"allow":["GET"]}}],"collection":[{"href":"https:\/\/zeofit.si\/index.php?rest_route=\/wp\/v2\/pages"}],"about":[{"href":"https:\/\/zeofit.si\/index.php?rest_route=\/wp\/v2\/types\/page"}],"author":[{"embeddable":true,"href":"https:\/\/zeofit.si\/index.php?rest_route=\/wp\/v2\/users\/1"}],"replies":[{"embeddable":true,"href":"https:\/\/zeofit.si\/index.php?rest_route=%2Fwp%2Fv2%2Fcomments&post=28"}],"version-history":[{"count":3,"href":"https:\/\/zeofit.si\/index.php?rest_route=\/wp\/v2\/pages\/28\/revisions"}],"predecessor-version":[{"id":239,"href":"https:\/\/zeofit.si\/index.php?rest_route=\/wp\/v2\/pages\/28\/revisions\/239"}],"wp:attachment":[{"href":"https:\/\/zeofit.si\/index.php?rest_route=%2Fwp%2Fv2%2Fmedia&parent=28"}],"curies":[{"name":"wp","href":"https:\/\/api.w.org\/{rel}","templated":true}]}}