{"id":26,"date":"2025-03-15T19:55:28","date_gmt":"2025-03-15T19:55:28","guid":{"rendered":"http:\/\/localhost\/zeolit\/?page_id=26"},"modified":"2026-02-14T14:15:27","modified_gmt":"2026-02-14T14:15:27","slug":"domov","status":"publish","type":"page","link":"https:\/\/zeofit.si\/?page_id=26","title":{"rendered":"Izdelki"},"content":{"rendered":"<section class=\"bde-section-26-133 bde-section\">\n  \n  \n\t\n\n\n\n<div class=\"section-container\"><div class=\"bde-grid-26-134 bde-grid\" data-entrance=\"slideDown\">\n  \n  \n\t\n\n\n\n<div class=\"bde-div-26-155 bde-div\" data-parallax=\"false\">\n              \n  \n  \n\t\n\n  <div class=\"section-background-overlay\"><\/div>\n\n\n<img decoding=\"async\" class=\"bde-image2-26-156 bde-image2\" src=\"https:\/\/zeofit.si\/wp-content\/uploads\/woocommerce-placeholder.webp\" loading=\"lazy\" srcset=\"https:\/\/zeofit.si\/wp-content\/uploads\/woocommerce-placeholder.webp 1200w, https:\/\/zeofit.si\/wp-content\/uploads\/woocommerce-placeholder-300x300.webp 300w, https:\/\/zeofit.si\/wp-content\/uploads\/woocommerce-placeholder-1024x1024.webp 1024w, https:\/\/zeofit.si\/wp-content\/uploads\/woocommerce-placeholder-150x150.webp 150w, https:\/\/zeofit.si\/wp-content\/uploads\/woocommerce-placeholder-768x768.webp 768w\" sizes=\"(max-width: 1200px) 100vw, 1200px\"><div class=\"bde-rich-text-26-157 bde-rich-text breakdance-rich-text-styles\">\n<h2>Zeolit do 5 \u00b5m, 500g<\/h2>\n<p>Zeolit aktiviran v prahu granulacija do 20 \u00b5m, 500g<\/p>\n<p>\u00a0<\/p>\n<\/div><div class=\"bde-button-26-158 bde-button\">\n        \n    \n    \n    \n    \n            \n                    \n            \n            \n\n    \n    \n    \n    \n    \n    <a class=\"breakdance-link button-atom button-atom--custom bde-button__button\" href=\"https:\/\/zeofit.si\/?page_id=143\" target=\"_self\" data-type=\"url\"  >\n\n    \n        <span class=\"button-atom__text\">Poglej podrobneje<\/span>\n\n        \n        \n                <\/a>\n\n    \n\n\n<\/div>\n<\/div><div class=\"bde-div-26-172 bde-div\" data-parallax=\"false\">\n              \n  \n  \n\t\n\n  <div class=\"section-background-overlay\"><\/div>\n\n\n<img decoding=\"async\" class=\"bde-image2-26-173 bde-image2\" src=\"https:\/\/zeofit.si\/wp-content\/uploads\/woocommerce-placeholder.webp\" loading=\"lazy\" srcset=\"https:\/\/zeofit.si\/wp-content\/uploads\/woocommerce-placeholder.webp 1200w, https:\/\/zeofit.si\/wp-content\/uploads\/woocommerce-placeholder-300x300.webp 300w, https:\/\/zeofit.si\/wp-content\/uploads\/woocommerce-placeholder-1024x1024.webp 1024w, https:\/\/zeofit.si\/wp-content\/uploads\/woocommerce-placeholder-150x150.webp 150w, https:\/\/zeofit.si\/wp-content\/uploads\/woocommerce-placeholder-768x768.webp 768w\" sizes=\"(max-width: 1200px) 100vw, 1200px\"><div class=\"bde-rich-text-26-174 bde-rich-text breakdance-rich-text-styles\">\n<h2>Zeolit do 20 \u00b5m, 500g<\/h2>\n<p>Zeolit aktiviran v prahu granulacija do 5 \u00b5m, 500g<\/p>\n<p>\u00a0<\/p>\n<\/div><div class=\"bde-button-26-175 bde-button\">\n        \n    \n    \n    \n    \n            \n                    \n            \n            \n\n    \n    \n    \n    \n    \n    <a class=\"breakdance-link button-atom button-atom--custom bde-button__button\" href=\"https:\/\/zeofit.si\/?page_id=122\" target=\"_self\" data-type=\"url\"  >\n\n    \n        <span class=\"button-atom__text\">Poglej podrobneje<\/span>\n\n        \n        \n                <\/a>\n\n    \n\n\n<\/div>\n<\/div><div class=\"bde-div-26-176 bde-div\" data-parallax=\"false\">\n              \n  \n  \n\t\n\n  <div class=\"section-background-overlay\"><\/div>\n\n\n<img decoding=\"async\" class=\"bde-image2-26-177 bde-image2\" src=\"https:\/\/zeofit.si\/wp-content\/uploads\/woocommerce-placeholder.webp\" loading=\"lazy\" srcset=\"https:\/\/zeofit.si\/wp-content\/uploads\/woocommerce-placeholder.webp 1200w, https:\/\/zeofit.si\/wp-content\/uploads\/woocommerce-placeholder-300x300.webp 300w, https:\/\/zeofit.si\/wp-content\/uploads\/woocommerce-placeholder-1024x1024.webp 1024w, https:\/\/zeofit.si\/wp-content\/uploads\/woocommerce-placeholder-150x150.webp 150w, https:\/\/zeofit.si\/wp-content\/uploads\/woocommerce-placeholder-768x768.webp 768w\" sizes=\"(max-width: 1200px) 100vw, 1200px\"><div class=\"bde-rich-text-26-178 bde-rich-text breakdance-rich-text-styles\">\n<h2>Pasta za zobe<\/h2><h2>\u00a0<\/h2><h2>\u00a0<\/h2>\n<\/div><div class=\"bde-button-26-179 bde-button\">\n        \n    \n    \n    \n    \n            \n                    \n            \n            \n\n    \n    \n    \n    \n    \n    <a class=\"breakdance-link button-atom button-atom--custom bde-button__button\" href=\"https:\/\/zeofit.si\/?page_id=267\" target=\"_self\" data-type=\"url\"  >\n\n    \n        <span class=\"button-atom__text\">Poglej podrobneje<\/span>\n\n        \n        \n                <\/a>\n\n    \n\n\n<\/div>\n<\/div>\n<\/div><\/div>\n<\/section><section class=\"bde-section-26-100 bde-section\">\n  \n  \n\t\n\n\n\n<div class=\"section-container\"><div class=\"bde-columns-26-116 bde-columns\"><div class=\"bde-column-26-117 bde-column\">\n  \n  \n\t\n\n\n\n<div class=\"bde-div-26-122 bde-div\">\n  \n  \n\t\n\n\n\n<div class=\"bde-icon-26-124 bde-icon\">\n\n    \n            <div class=\"bde-icon-icon breakdance-icon-atom\" >\n    \n                    <svg xmlns=\"http:\/\/www.w3.org\/2000\/svg\" viewBox=\"0 0 448 512\"><!--! Font Awesome Free 6.5.1 by @fontawesome - https:\/\/fontawesome.com License - https:\/\/fontawesome.com\/license\/free (Icons: CC BY 4.0, Fonts: SIL OFL 1.1, Code: MIT License) Copyright 2023 Fonticons, Inc. --><path d=\"M416 0c17.7 0 32 14.3 32 32c0 59.8-30.3 107.5-69.4 146.6c-28 28-62.5 53.5-97.3 77.4l-2.5 1.7c-11.9 8.1-23.8 16.1-35.5 23.9l0 0 0 0 0 0-1.6 1c-6 4-11.9 7.9-17.8 11.9c-20.9 14-40.8 27.7-59.3 41.5H283.3c-9.8-7.4-20.1-14.7-30.7-22.1l7-4.7 3-2c15.1-10.1 30.9-20.6 46.7-31.6c25 18.1 48.9 37.3 69.4 57.7C417.7 372.5 448 420.2 448 480c0 17.7-14.3 32-32 32s-32-14.3-32-32H64c0 17.7-14.3 32-32 32s-32-14.3-32-32c0-59.8 30.3-107.5 69.4-146.6c28-28 62.5-53.5 97.3-77.4c-34.8-23.9-69.3-49.3-97.3-77.4C30.3 139.5 0 91.8 0 32C0 14.3 14.3 0 32 0S64 14.3 64 32H384c0-17.7 14.3-32 32-32zM338.6 384H109.4c-10.1 10.6-18.6 21.3-25.5 32H364.1c-6.8-10.7-15.3-21.4-25.5-32zM109.4 128H338.6c10.1-10.7 18.6-21.3 25.5-32H83.9c6.8 10.7 15.3 21.3 25.5 32zm55.4 48c18.4 13.8 38.4 27.5 59.3 41.5c20.9-14 40.8-27.7 59.3-41.5H164.7z\"\/><\/svg>\n        \n        \n        \n            <\/div>\n    \n\n\n<\/div>\n<\/div><div class=\"bde-text-26-120 bde-text\">\nPre\u010di\u0161\u010devanje\n<\/div>\n<\/div><div class=\"bde-column-26-125 bde-column\">\n  \n  \n\t\n\n\n\n<div class=\"bde-div-26-126 bde-div\">\n  \n  \n\t\n\n\n\n<div class=\"bde-icon-26-127 bde-icon\">\n\n    \n            <div class=\"bde-icon-icon breakdance-icon-atom\" >\n    \n                    <svg xmlns=\"http:\/\/www.w3.org\/2000\/svg\" viewBox=\"0 0 512 512\"><!--! Font Awesome Free 6.5.1 by @fontawesome - https:\/\/fontawesome.com License - https:\/\/fontawesome.com\/license\/free (Icons: CC BY 4.0, Fonts: SIL OFL 1.1, Code: MIT License) Copyright 2023 Fonticons, Inc. --><path d=\"M418.2 177.2c-5.4-1.8-10.8-3.5-16.2-5.1.9-3.7 1.7-7.4 2.5-11.1 12.3-59.6 4.2-107.5-23.1-123.3-26.3-15.1-69.2.6-112.6 38.4-4.3 3.7-8.5 7.6-12.5 11.5-2.7-2.6-5.5-5.2-8.3-7.7-45.5-40.4-91.1-57.4-118.4-41.5-26.2 15.2-34 60.3-23 116.7 1.1 5.6 2.3 11.1 3.7 16.7-6.4 1.8-12.7 3.8-18.6 5.9C38.3 196.2 0 225.4 0 255.6c0 31.2 40.8 62.5 96.3 81.5 4.5 1.5 9 3 13.6 4.3-1.5 6-2.8 11.9-4 18-10.5 55.5-2.3 99.5 23.9 114.6 27 15.6 72.4-.4 116.6-39.1 3.5-3.1 7-6.3 10.5-9.7 4.4 4.3 9 8.4 13.6 12.4 42.8 36.8 85.1 51.7 111.2 36.6 27-15.6 35.8-62.9 24.4-120.5-.9-4.4-1.9-8.9-3-13.5 3.2-.9 6.3-1.9 9.4-2.9 57.7-19.1 99.5-50 99.5-81.7 0-30.3-39.4-59.7-93.8-78.4zM282.9 92.3c37.2-32.4 71.9-45.1 87.7-36 16.9 9.7 23.4 48.9 12.8 100.4-.7 3.4-1.4 6.7-2.3 10-22.2-5-44.7-8.6-67.3-10.6-13-18.6-27.2-36.4-42.6-53.1 3.9-3.7 7.7-7.2 11.7-10.7zM167.2 307.5c5.1 8.7 10.3 17.4 15.8 25.9-15.6-1.7-31.1-4.2-46.4-7.5 4.4-14.4 9.9-29.3 16.3-44.5 4.6 8.8 9.3 17.5 14.3 26.1zm-30.3-120.3c14.4-3.2 29.7-5.8 45.6-7.8-5.3 8.3-10.5 16.8-15.4 25.4-4.9 8.5-9.7 17.2-14.2 26-6.3-14.9-11.6-29.5-16-43.6zm27.4 68.9c6.6-13.8 13.8-27.3 21.4-40.6s15.8-26.2 24.4-38.9c15-1.1 30.3-1.7 45.9-1.7s31 .6 45.9 1.7c8.5 12.6 16.6 25.5 24.3 38.7s14.9 26.7 21.7 40.4c-6.7 13.8-13.9 27.4-21.6 40.8-7.6 13.3-15.7 26.2-24.2 39-14.9 1.1-30.4 1.6-46.1 1.6s-30.9-.5-45.6-1.4c-8.7-12.7-16.9-25.7-24.6-39s-14.8-26.8-21.5-40.6zm180.6 51.2c5.1-8.8 9.9-17.7 14.6-26.7 6.4 14.5 12 29.2 16.9 44.3-15.5 3.5-31.2 6.2-47 8 5.4-8.4 10.5-17 15.5-25.6zm14.4-76.5c-4.7-8.8-9.5-17.6-14.5-26.2-4.9-8.5-10-16.9-15.3-25.2 16.1 2 31.5 4.7 45.9 8-4.6 14.8-10 29.2-16.1 43.4zM256.2 118.3c10.5 11.4 20.4 23.4 29.6 35.8-19.8-.9-39.7-.9-59.5 0 9.8-12.9 19.9-24.9 29.9-35.8zM140.2 57c16.8-9.8 54.1 4.2 93.4 39 2.5 2.2 5 4.6 7.6 7-15.5 16.7-29.8 34.5-42.9 53.1-22.6 2-45 5.5-67.2 10.4-1.3-5.1-2.4-10.3-3.5-15.5-9.4-48.4-3.2-84.9 12.6-94zm-24.5 263.6c-4.2-1.2-8.3-2.5-12.4-3.9-21.3-6.7-45.5-17.3-63-31.2-10.1-7-16.9-17.8-18.8-29.9 0-18.3 31.6-41.7 77.2-57.6 5.7-2 11.5-3.8 17.3-5.5 6.8 21.7 15 43 24.5 63.6-9.6 20.9-17.9 42.5-24.8 64.5zm116.6 98c-16.5 15.1-35.6 27.1-56.4 35.3-11.1 5.3-23.9 5.8-35.3 1.3-15.9-9.2-22.5-44.5-13.5-92 1.1-5.6 2.3-11.2 3.7-16.7 22.4 4.8 45 8.1 67.9 9.8 13.2 18.7 27.7 36.6 43.2 53.4-3.2 3.1-6.4 6.1-9.6 8.9zm24.5-24.3c-10.2-11-20.4-23.2-30.3-36.3 9.6.4 19.5.6 29.5.6 10.3 0 20.4-.2 30.4-.7-9.2 12.7-19.1 24.8-29.6 36.4zm130.7 30c-.9 12.2-6.9 23.6-16.5 31.3-15.9 9.2-49.8-2.8-86.4-34.2-4.2-3.6-8.4-7.5-12.7-11.5 15.3-16.9 29.4-34.8 42.2-53.6 22.9-1.9 45.7-5.4 68.2-10.5 1 4.1 1.9 8.2 2.7 12.2 4.9 21.6 5.7 44.1 2.5 66.3zm18.2-107.5c-2.8.9-5.6 1.8-8.5 2.6-7-21.8-15.6-43.1-25.5-63.8 9.6-20.4 17.7-41.4 24.5-62.9 5.2 1.5 10.2 3.1 15 4.7 46.6 16 79.3 39.8 79.3 58 0 19.6-34.9 44.9-84.8 61.4zm-149.7-15c25.3 0 45.8-20.5 45.8-45.8s-20.5-45.8-45.8-45.8c-25.3 0-45.8 20.5-45.8 45.8s20.5 45.8 45.8 45.8z\"\/><\/svg>\n        \n        \n        \n            <\/div>\n    \n\n\n<\/div>\n<\/div><div class=\"bde-text-26-128 bde-text\">\nMinerali\n<\/div>\n<\/div><div class=\"bde-column-26-129 bde-column\">\n  \n  \n\t\n\n\n\n<div class=\"bde-div-26-130 bde-div\">\n  \n  \n\t\n\n\n\n<div class=\"bde-icon-26-131 bde-icon\">\n\n    \n            <div class=\"bde-icon-icon breakdance-icon-atom\" >\n    \n                    <svg xmlns=\"http:\/\/www.w3.org\/2000\/svg\" viewBox=\"0 0 512 512\"><!--! Font Awesome Free 6.5.1 by @fontawesome - https:\/\/fontawesome.com License - https:\/\/fontawesome.com\/license\/free (Icons: CC BY 4.0, Fonts: SIL OFL 1.1, Code: MIT License) Copyright 2023 Fonticons, Inc. --><path d=\"M211 7.3C205 1 196-1.4 187.6 .8s-14.9 8.9-17.1 17.3L154.7 80.6l-62-17.5c-8.4-2.4-17.4 0-23.5 6.1s-8.5 15.1-6.1 23.5l17.5 62L18.1 170.6c-8.4 2.1-15 8.7-17.3 17.1S1 205 7.3 211l46.2 45L7.3 301C1 307-1.4 316 .8 324.4s8.9 14.9 17.3 17.1l62.5 15.8-17.5 62c-2.4 8.4 0 17.4 6.1 23.5s15.1 8.5 23.5 6.1l62-17.5 15.8 62.5c2.1 8.4 8.7 15 17.1 17.3s17.3-.2 23.4-6.4l45-46.2 45 46.2c6.1 6.2 15 8.7 23.4 6.4s14.9-8.9 17.1-17.3l15.8-62.5 62 17.5c8.4 2.4 17.4 0 23.5-6.1s8.5-15.1 6.1-23.5l-17.5-62 62.5-15.8c8.4-2.1 15-8.7 17.3-17.1s-.2-17.4-6.4-23.4l-46.2-45 46.2-45c6.2-6.1 8.7-15 6.4-23.4s-8.9-14.9-17.3-17.1l-62.5-15.8 17.5-62c2.4-8.4 0-17.4-6.1-23.5s-15.1-8.5-23.5-6.1l-62 17.5L341.4 18.1c-2.1-8.4-8.7-15-17.1-17.3S307 1 301 7.3L256 53.5 211 7.3z\"\/><\/svg>\n        \n        \n        \n            <\/div>\n    \n\n\n<\/div>\n<\/div><div class=\"bde-text-26-132 bde-text\">\nVitalnost\n<\/div>\n<\/div><\/div><\/div>\n<\/section><section class=\"bde-section-26-213 bde-section\">\n  \n  \n\t\n\n\n\n<div class=\"section-container\"><\/div>\n<\/section>","protected":false},"excerpt":{"rendered":"<p>Zeolit do 5 \u00b5m, 500g Zeolit aktiviran v prahu granulacija do 20 \u00b5m, 500g \u00a0 Poglej podrobneje Zeolit do 20 \u00b5m, 500g Zeolit aktiviran v prahu granulacija do 5 \u00b5m, 500g \u00a0 Poglej podrobneje Pasta za zobe\u00a0\u00a0 Poglej podrobneje Pre\u010di\u0161\u010devanje Minerali Vitalnost<\/p>\n","protected":false},"author":1,"featured_media":0,"parent":0,"menu_order":0,"comment_status":"closed","ping_status":"closed","template":"","meta":{"_breakdance_hide_in_design_set":false,"_breakdance_tags":"","footnotes":""},"class_list":["post-26","page","type-page","status-publish","hentry"],"jetpack_sharing_enabled":true,"_links":{"self":[{"href":"https:\/\/zeofit.si\/index.php?rest_route=\/wp\/v2\/pages\/26","targetHints":{"allow":["GET"]}}],"collection":[{"href":"https:\/\/zeofit.si\/index.php?rest_route=\/wp\/v2\/pages"}],"about":[{"href":"https:\/\/zeofit.si\/index.php?rest_route=\/wp\/v2\/types\/page"}],"author":[{"embeddable":true,"href":"https:\/\/zeofit.si\/index.php?rest_route=\/wp\/v2\/users\/1"}],"replies":[{"embeddable":true,"href":"https:\/\/zeofit.si\/index.php?rest_route=%2Fwp%2Fv2%2Fcomments&post=26"}],"version-history":[{"count":8,"href":"https:\/\/zeofit.si\/index.php?rest_route=\/wp\/v2\/pages\/26\/revisions"}],"predecessor-version":[{"id":274,"href":"https:\/\/zeofit.si\/index.php?rest_route=\/wp\/v2\/pages\/26\/revisions\/274"}],"wp:attachment":[{"href":"https:\/\/zeofit.si\/index.php?rest_route=%2Fwp%2Fv2%2Fmedia&parent=26"}],"curies":[{"name":"wp","href":"https:\/\/api.w.org\/{rel}","templated":true}]}}