{"id":143,"date":"2026-01-11T11:00:30","date_gmt":"2026-01-11T11:00:30","guid":{"rendered":"https:\/\/zeofit.si\/?page_id=143"},"modified":"2026-01-11T19:19:24","modified_gmt":"2026-01-11T19:19:24","slug":"izdelek2","status":"publish","type":"page","link":"https:\/\/zeofit.si\/?page_id=143","title":{"rendered":"izdelek2"},"content":{"rendered":"<section class=\"bde-section-143-100 bde-section\">\n  \n  \n\t\n\n\n\n<div class=\"section-container\"><div class=\"bde-div-143-101 bde-div\">\n  \n  \n\t\n\n\n\n<div class=\"bde-grid-143-102 bde-grid\">\n  \n  \n\t\n\n\n\n<img decoding=\"async\" class=\"bde-image2-143-103 bde-image2\" src=\"https:\/\/zeofit.si\/wp-content\/uploads\/2025\/12\/image-removebg-preview-13.png\" loading=\"lazy\" srcset=\"https:\/\/zeofit.si\/wp-content\/uploads\/2025\/12\/image-removebg-preview-13.png 360w, https:\/\/zeofit.si\/wp-content\/uploads\/2025\/12\/image-removebg-preview-13-300x300.png 300w, https:\/\/zeofit.si\/wp-content\/uploads\/2025\/12\/image-removebg-preview-13-150x150.png 150w\" sizes=\"(max-width: 360px) 100vw, 360px\"><div class=\"bde-rich-text-143-104 bde-rich-text breakdance-rich-text-styles\">\n<h3>Zeolit aktiviran v prahu granulacija do 5<strong>\u00a0\u00b5m<\/strong><strong>, 500g<\/strong><\/h3>\n<p>Opis proizvoda: 100% naravni aktivirani zeolit klinoptilolit v prahu<\/p>\n<p>Aktivacija zeolita dose\u017eemo s slede\u010dim postopkom. Potrebno je dalj\u0161e \u010dasovno ogrevanje\u00a0 na par 100 stopinj Celzija. Nato zeolit s posebnimi mlini postopoma meljemo, dokler ne pridemo do \u017eeljene granulacije, ki jo merimo v mikronih EM=<strong> \u00b5m<\/strong>.<\/p>\n<p>Za bolj\u0161o u\u010dinkovitost proizvajalec svetuje uporabo zeolita z<strong>\u00a0leseno ali plasti\u010dno \u017eli\u010dko<\/strong><strong>\u00a0<\/strong>in ne s kovinsko.<\/p>\n<ul>\n<li style=\"list-style-type: none;\">\n<ul>\n<li><b>Pakiranje:<\/b> Zeolit je pakiran v plasti\u010dno posodo, primerno za \u017eivila. Hranite ga v suhem temnem prostoru, z zaprtim pokrovom, saj sicer lahko nase ve\u017ee vonjave iz prostora.<\/li>\n<\/ul>\n<\/li>\n<\/ul>\n<p>\u00a0<\/p>\n<ul>\n<li style=\"list-style-type: none;\">\n<ul>\n<li>Granulacija manj\u0161e od 1\u00b5m do maksimalno 20 \u00b5m<\/li>\n<\/ul>\n<\/li>\n<\/ul>\n<p>\u00a0<\/p>\n<ul>\n<li style=\"list-style-type: none;\">\n<ul>\n<li>Visoka kapaciteta kationske izmenjave preko 180meq\/100g, kar nas uvr\u0161\u010da v sam vrh kvalitete na svetu.<\/li>\n<\/ul>\n<\/li>\n<\/ul>\n<p>\u00a0<\/p>\n<ul>\n<li style=\"list-style-type: none;\">\n<ul>\n<li>Dele\u017e klinoptilolita do 95%.<\/li>\n<\/ul>\n<\/li>\n<\/ul>\n<p>\u00a0<\/p>\n<ul>\n<li style=\"list-style-type: none;\">\n<ul>\n<li>Poreklo: Srbija<\/li>\n<\/ul>\n<\/li>\n<\/ul>\n<p>\u00a0<\/p>\n<ul>\n<li style=\"list-style-type: none;\">\n<ul>\n<li>Te\u017ea 500g<\/li>\n<\/ul>\n<\/li>\n<\/ul>\n<p>\u00a0<\/p>\n<p>\u00a0<\/p>\n<ul>\n<li style=\"list-style-type: none;\">\u00a0<\/li>\n<\/ul>\n<p>\u00a0<\/p>\n<\/div><div class=\"bde-button-143-105 bde-button\">\n        \n    \n    \n    \n    \n            \n                    \n            \n            \n\n    \n    \n    \n    \n    \n    <a class=\"breakdance-link button-atom button-atom--custom bde-button__button\" href=\"https:\/\/mail.google.com\/mail\/u\/0\/#inbox?compose=GTvVlcSKhpbZqXVqWrZHSwWcxVPTtkxTnwHnmNRvjvvjNqZwPqMWTMKbVzwfkBqDsRzLTzZKMRWhV\" target=\"_blank\" data-type=\"url\"  >\n\n    \n        <span class=\"button-atom__text\">Naro\u010di zdaj<\/span>\n\n                            \n        \n                <\/a>\n\n    \n\n\n<\/div>\n<\/div>\n<\/div><\/div>\n<\/section>","protected":false},"excerpt":{"rendered":"<p>Zeolit aktiviran v prahu granulacija do 5\u00a0\u00b5m, 500g Opis proizvoda: 100% naravni aktivirani zeolit klinoptilolit v prahu Aktivacija zeolita dose\u017eemo s slede\u010dim postopkom. Potrebno je dalj\u0161e \u010dasovno ogrevanje\u00a0 na par 100 stopinj Celzija. Nato zeolit s posebnimi mlini postopoma meljemo, dokler ne pridemo do \u017eeljene granulacije, ki jo merimo v mikronih EM= \u00b5m. Za bolj\u0161o [&hellip;]<\/p>\n","protected":false},"author":1,"featured_media":0,"parent":0,"menu_order":0,"comment_status":"closed","ping_status":"closed","template":"","meta":{"_breakdance_hide_in_design_set":false,"_breakdance_tags":"","footnotes":""},"class_list":["post-143","page","type-page","status-publish","hentry"],"jetpack_sharing_enabled":true,"_links":{"self":[{"href":"https:\/\/zeofit.si\/index.php?rest_route=\/wp\/v2\/pages\/143","targetHints":{"allow":["GET"]}}],"collection":[{"href":"https:\/\/zeofit.si\/index.php?rest_route=\/wp\/v2\/pages"}],"about":[{"href":"https:\/\/zeofit.si\/index.php?rest_route=\/wp\/v2\/types\/page"}],"author":[{"embeddable":true,"href":"https:\/\/zeofit.si\/index.php?rest_route=\/wp\/v2\/users\/1"}],"replies":[{"embeddable":true,"href":"https:\/\/zeofit.si\/index.php?rest_route=%2Fwp%2Fv2%2Fcomments&post=143"}],"version-history":[{"count":4,"href":"https:\/\/zeofit.si\/index.php?rest_route=\/wp\/v2\/pages\/143\/revisions"}],"predecessor-version":[{"id":150,"href":"https:\/\/zeofit.si\/index.php?rest_route=\/wp\/v2\/pages\/143\/revisions\/150"}],"wp:attachment":[{"href":"https:\/\/zeofit.si\/index.php?rest_route=%2Fwp%2Fv2%2Fmedia&parent=143"}],"curies":[{"name":"wp","href":"https:\/\/api.w.org\/{rel}","templated":true}]}}